{"id":1459,"date":"2019-03-02T04:15:57","date_gmt":"2019-03-02T04:15:57","guid":{"rendered":"https:\/\/bridgesdanang.com\/play\/"},"modified":"2019-11-13T07:20:51","modified_gmt":"2019-11-13T07:20:51","slug":"giai-tri","status":"publish","type":"page","link":"https:\/\/bridgesdanang.com\/vi\/giai-tri\/","title":{"rendered":"Gi\u1ea3i tr\u00ed"},"content":{"rendered":"<p>[vc_row][vc_column][vc_custom_heading text=&#8221;PH\u00d2NG T\u1eacP TH\u1ec2 D\u1ee4C&#8221; font_container=&#8221;tag:h2|text_align:center&#8221; google_fonts=&#8221;font_family:Dosis%3A200%2C300%2Cregular%2C500%2C600%2C700%2C800|font_style:700%20bold%20regular%3A700%3Anormal&#8221;][vc_column_text]<\/p>\n<p style=\"text-align: center;\">M\u1ed9t kh\u00f4ng gian nh\u1ecf tr\u00ean t\u1ea7ng 3 v\u1edbi 1 m\u00e1y massage,<br \/>\nm\u00e1y ch\u1ea1y b\u1ed9 v\u00e0 xe \u0111\u1ea1p \u0111\u01b0\u1ee3c ph\u1ee5c v\u1ee5 24h m\u1ed7i ng\u00e0y<\/p>\n<p>[\/vc_column_text][vc_empty_space][\/vc_column][\/vc_row][vc_row][vc_column][vc_custom_heading text=&#8221;B\u00c0N CHUY\u1ec2N TI\u1ebeP&#8221; font_container=&#8221;tag:h2|text_align:center&#8221; google_fonts=&#8221;font_family:Dosis%3A200%2C300%2Cregular%2C500%2C600%2C700%2C800|font_style:700%20bold%20regular%3A700%3Anormal&#8221;][vc_column_text]<\/p>\n<p style=\"text-align: center;\">D\u1ecbch v\u1ee5 thu\u00ea xe \u0111\u1ea1p, xe tay ga, xe h\u01a1i. Ch\u00fang t\u00f4i s\u1ebd s\u1eafp x\u1ebfp c\u00e1c chuy\u1ebfn<br \/>\ntham quan, \u0111\u1eb7t v\u00e9 m\u00e1y bay, v\u00e9 t\u00e0u, bus v\u00e0 v\u00e9 v\u00e0o c\u1ed5ng<\/p>\n<p>[\/vc_column_text][vc_empty_space][\/vc_column][\/vc_row][vc_row][vc_column][vc_custom_heading text=&#8221;V\u1eacT K\u1ec8 NI\u1ec6M \u00c1O \u0110\u1eb8P &amp; \u00c1O D\u00c0I&#8221; font_container=&#8221;tag:h2|text_align:center&#8221; google_fonts=&#8221;font_family:Dosis%3A200%2C300%2Cregular%2C500%2C600%2C700%2C800|font_style:700%20bold%20regular%3A700%3Anormal&#8221;][vc_column_text]<\/p>\n<p style=\"text-align: center;\">B\u1ea1n c\u00f3 th\u1ec3 ch\u1ee5p nh\u1eefng b\u1ee9c h\u00ecnh tuy\u1ec7t \u0111\u1eb9p v\u1edbi \u00c1o d\u00e0i, c\u00f3 th\u1ec3 thu\u00ea 1 ng\u00e0y ho\u1eb7c mua n\u00f3!<br \/>\nNhi\u1ec1u \u0111\u1ed3 l\u01b0u ni\u1ec7m th\u1ee7 c\u00f4ng \u1edf s\u1ea3nh<\/p>\n<p>[\/vc_column_text][vc_empty_space][\/vc_column][\/vc_row][vc_row][vc_column][vc_custom_heading text=&#8221;GI\u1eb6T L\u00c0&#8221; font_container=&#8221;tag:h2|text_align:center&#8221; google_fonts=&#8221;font_family:Dosis%3A200%2C300%2Cregular%2C500%2C600%2C700%2C800|font_style:700%20bold%20regular%3A700%3Anormal&#8221;][vc_column_text]<\/p>\n<p style=\"text-align: center;\">C\u00f3 m\u1ed9t khu t\u1ef1 gi\u1eb7t \u1edf tr\u00ean t\u1ea7ng 10<br \/>\nN\u1ebfu b\u1ea1n mu\u1ed1n tho\u1ea3i m\u00e1i ch\u00fang t\u00f4i c\u00f3 d\u1ecbch v\u1ee5 gi\u1eb7t l\u00e0.<br \/>\nVui l\u00f2ng ki\u1ec3m tra b\u1ea3ng gi\u00e1.<\/p>\n<p>[\/vc_column_text][vc_empty_space][\/vc_column][\/vc_row][vc_row][vc_column][vc_custom_heading text=&#8221;KH\u00d4NG GIAN XANH&#8221; font_container=&#8221;tag:h2|text_align:center&#8221; google_fonts=&#8221;font_family:Dosis%3A200%2C300%2Cregular%2C500%2C600%2C700%2C800|font_style:700%20bold%20regular%3A700%3Anormal&#8221;][vc_column_text]<\/p>\n<p style=\"text-align: center;\">Bridges l\u00e0 m\u1ed9t kh\u00e1ch s\u1ea1n nguy\u00ean b\u1ea3n, kh\u00f4ng c\u00f3 l\u1edbp s\u01a1n . S\u01a1n \u0111\u01b0\u1ee3c h\u1ea1n ch\u1ebf, h\u1ea7u nh\u01b0 kh\u00f4ng \u0111\u01b0\u1ee3c s\u1eed d\u1ee5ng trong qu\u00e1 tr\u00ecnh x\u00e2y d\u1ef1ng. \u0110\u00e8n ti\u1ebft ki\u1ec7m \u0111i\u1ec7n n\u0103ng, d\u00e2y c\u00e1p v\u00e0 \u1ed1ng n\u01b0\u1edbc tr\u00ean t\u01b0\u1eddng kh\u00f4ng che \u0111\u1eady \u0111\u1ec3 b\u1ea1n c\u00f3 th\u1ec3 nh\u00ecn, th\u1edf v\u00e0 c\u1ea3m nh\u1eadn chi ti\u1ebft v\u1ec1 t\u00f2a nh\u00e0.<\/p>\n<p style=\"text-align: center;\">M\u00e1y \u0111i\u1ec1u h\u00f2a \u0111\u01b0\u1ee3c s\u1eed d\u1ee5ng th\u00e2n thi\u1ec7n v\u1edbi m\u00f4i tr\u01b0\u1eddng v\u00e0 c\u00f4ng ngh\u1ec7 l\u1ecdc ti\u00ean ti\u1ebfn. M\u1ed7i ph\u00f2ng \u0111\u1ec1u c\u00f3 qu\u1ea1t, th\u1eddi ti\u1ebft \u0110\u00e0 N\u1eb5ng \u00f4n h\u00f2a t\u1eeb th\u00e1ng 11 \u0111\u1ebfn th\u00e1ng 3 v\u00e0 \u0111\u00f4i khi kh\u00f4ng c\u1ea7n \u0111i\u1ec1u h\u00f2a.<br \/>\nN\u1ed9i th\u1ea5t v\u00e0 \u0111\u1ed3 trang tr\u00ed l\u00e0m t\u1eeb v\u1eadt li\u1ec7u t\u00e1i ch\u1ebf v\u00e0 l\u00e0m b\u1eb1ng tay. N\u1ed9i th\u1ea5t s\u1eaft th\u1ee7 c\u00f4ng l\u1ea5y t\u1eeb c\u00e1c ph\u00f2ng c\u00f4ng nghi\u1ec7p \u0111\u01b0\u1eddng s\u1eaft \u1edf H\u00e0 N\u1ed9i. \u0110\u00e8n b\u00e0n xu\u1ea5t ph\u00e1t t\u1eeb nh\u1eefng kh\u00fac g\u1ed7 \u0111\u01b0\u1ee3c tr\u00f4i d\u1ea1t t\u1eeb bi\u1ec3n v\u00e0o l\u00fac s\u00e1ng s\u1edbm.<\/p>\n<p style=\"text-align: center;\">C\u00e2y kh\u00f4 \u1edf ban c\u00f4ng \u0111\u01b0\u1ee3c ch\u1ebf t\u1ea1o t\u1eeb anh S\u01a1n \u2013 m\u1ed9t th\u1ee3 m\u1ed9c \u0111\u1ecba ph\u01b0\u01a1ng t\u00e0i n\u0103ng. C\u00e2y xanh \u1edf trong ph\u00f2ng gi\u00fap kh\u00f4ng kh\u00ed trong l\u00e0nh. Ch\u00fang t\u00f4i d\u00f9ng chai th\u1ee7y tinh \u0111\u1ec3 \u0111\u1ef1ng n\u01b0\u1edbc, c\u00f3 m\u1ed9t v\u00f2i n\u01b0\u1edbc \u1edf Kh\u00f4ng gian l\u00e0m vi\u1ec7c chung Pier c\u00f3 th\u1ec3 l\u00e0m \u0111\u1ea7y n\u01b0\u1edbc trong chai.<\/p>\n<p style=\"text-align: center;\">X\u00e0 ph\u00f2ng, d\u1ea7u g\u1ed9i, s\u1eefa t\u1eafm v\u00e0 ch\u1ea5t l\u00e0m s\u1ea1ch l\u00e0 t\u1eeb nh\u1eefng nguy\u00ean li\u1ec7u h\u1eefu c\u01a1 t\u1eeb H\u1ed9i An<br \/>\nPin \u0111\u1ed3ng h\u1ed3, \u0111i\u1ec1u khi\u1ec3n v\u00e0 nh\u1eefng th\u1ee9 kh\u00e1c \u0111\u1ec1u \u0111\u01b0\u1ee3c s\u1ea1c v\u00e0 d\u00f9ng l\u1ea1i. Th\u00f9ng r\u00e1c trong ph\u00f2ng l\u00e0m t\u1eeb v\u1eadt li\u1ec7u kh\u00f4ng th\u1ea5m n\u01b0\u1edbc, c\u00f3 th\u1ec3 t\u00e1i d\u00f9ng l\u00e2u d\u00e0i. R\u00e1c s\u1ebd \u0111\u01b0\u1ee3c ph\u00e2n lo\u1ea1i \u0111\u1ec3 ch\u00fang t\u00f4i c\u00f3 th\u1ec3 t\u1eb7ng lon v\u00e0 chai cho ng\u01b0\u1eddi t\u00e1i ch\u1ebf<\/p>\n<p>\u00a0[\/vc_column_text][vc_empty_space][\/vc_column][\/vc_row][vc_row][vc_column]<div class=\"grve-element grve-image grve-align-center\" style=\"\"><img width=\"1280\" height=\"720\" src=\"https:\/\/bridgesdanang.com\/wp-content\/uploads\/2019\/10\/Bridges-Danang-Fitness-1.jpg\" class=\"attachment-full size-full\" alt=\"\" loading=\"lazy\" srcset=\"https:\/\/bridgesdanang.com\/wp-content\/uploads\/2019\/10\/Bridges-Danang-Fitness-1.jpg 1x,https:\/\/bridgesdanang.com\/wp-content\/uploads\/2019\/10\/Bridges-Danang-Fitness-1.jpg 2x\" \/><\/div>[\/vc_column][\/vc_row]<\/p>\n","protected":false},"excerpt":{"rendered":"<p>[vc_row][vc_column][vc_custom_heading text=&#8221;PH\u00d2NG T\u1eacP TH\u1ec2 D\u1ee4C&#8221; font_container=&#8221;tag:h2|text_align:center&#8221; google_fonts=&#8221;font_family:Dosis%3A200%2C300%2Cregular%2C500%2C600%2C700%2C800|font_style:700%20bold%20regular%3A700%3Anormal&#8221;][vc_column_text] M\u1ed9t kh\u00f4ng gian nh\u1ecf tr\u00ean t\u1ea7ng 3 v\u1edbi 1 m\u00e1y massage, m\u00e1y ch\u1ea1y b\u1ed9 v\u00e0 xe \u0111\u1ea1p \u0111\u01b0\u1ee3c ph\u1ee5c v\u1ee5 24h m\u1ed7i ng\u00e0y [\/vc_column_text][vc_empty_space][\/vc_column][\/vc_row][vc_row][vc_column][vc_custom_heading text=&#8221;B\u00c0N CHUY\u1ec2N TI\u1ebeP&#8221; font_container=&#8221;tag:h2|text_align:center&#8221; google_fonts=&#8221;font_family:Dosis%3A200%2C300%2Cregular%2C500%2C600%2C700%2C800|font_style:700%20bold%20regular%3A700%3Anormal&#8221;][vc_column_text] D\u1ecbch v\u1ee5 thu\u00ea xe \u0111\u1ea1p, xe tay ga, xe h\u01a1i. Ch\u00fang t\u00f4i s\u1ebd s\u1eafp x\u1ebfp c\u00e1c chuy\u1ebfn tham quan, [&hellip;]<\/p>\n","protected":false},"author":1,"featured_media":0,"parent":0,"menu_order":0,"comment_status":"closed","ping_status":"closed","template":"","meta":[],"_links":{"self":[{"href":"https:\/\/bridgesdanang.com\/vi\/wp-json\/wp\/v2\/pages\/1459\/"}],"collection":[{"href":"https:\/\/bridgesdanang.com\/vi\/wp-json\/wp\/v2\/pages\/"}],"about":[{"href":"https:\/\/bridgesdanang.com\/vi\/wp-json\/wp\/v2\/types\/page\/"}],"author":[{"embeddable":true,"href":"https:\/\/bridgesdanang.com\/vi\/wp-json\/wp\/v2\/users\/1\/"}],"replies":[{"embeddable":true,"href":"https:\/\/bridgesdanang.com\/vi\/wp-json\/wp\/v2\/comments\/?post=1459"}],"version-history":[{"count":17,"href":"https:\/\/bridgesdanang.com\/vi\/wp-json\/wp\/v2\/pages\/1459\/revisions\/"}],"predecessor-version":[{"id":1501,"href":"https:\/\/bridgesdanang.com\/vi\/wp-json\/wp\/v2\/pages\/1459\/revisions\/1501\/"}],"wp:attachment":[{"href":"https:\/\/bridgesdanang.com\/vi\/wp-json\/wp\/v2\/media\/?parent=1459"}],"curies":[{"name":"wp","href":"https:\/\/api.w.org\/{rel}","templated":true}]}}