{"id":1449,"date":"2015-11-02T11:34:00","date_gmt":"2015-11-02T11:34:00","guid":{"rendered":"https:\/\/bridgesdanang.com\/eat-and-drink\/"},"modified":"2019-11-13T07:22:27","modified_gmt":"2019-11-13T07:22:27","slug":"thuc-an-do-uong","status":"publish","type":"page","link":"https:\/\/bridgesdanang.com\/vi\/thuc-an-do-uong\/","title":{"rendered":"Th\u1ee9c \u0103n &#038; \u0110\u1ed3 u\u1ed1ng"},"content":{"rendered":"<p>[vc_row][vc_column width=&#8221;1\/2&#8243;][vc_custom_heading text=&#8221;\u0102N U\u1ed0NG&#8221; google_fonts=&#8221;font_family:Dosis%3A200%2C300%2Cregular%2C500%2C600%2C700%2C800|font_style:700%20bold%20regular%3A700%3Anormal&#8221;][vc_column_text]<strong>KH\u00d4NG GIAN L\u00c0M VI\u1ec6C M\u1ede<\/strong><\/p>\n<p>[\/vc_column_text][vc_column_text]M\u1ed9t kh\u00f4ng gian m\u1edf v\u1edbi nh\u00e0 b\u1ebfp ch\u00e2u \u00c2u \u0111\u01b0\u1ee3c trang b\u1ecb \u0111\u1ea7y \u0111\u1ee7 \u0111\u1ec3 n\u1ea5u \u0103n, wifi nhanh v\u00e0 c\u00e1c ti\u1ec7n\u00a0nghi kinh doanh nh\u01b0 laptop, m\u00e1y in cho co-workers, d\u00e2n k\u0129 thu\u1eadt s\u1ed1 v\u00e0 m\u1ecdi ng\u01b0\u1eddi kh\u00e1c n\u1eefa \u0111\u1ec3 l\u00e0m vi\u1ec7c.<\/p>\n<p>Kh\u00f4ng kh\u00ed th\u01b0 gi\u00e3n, tho\u1ea3i m\u00e1i v\u00e0 nhi\u1ec1u l\u1ef1a ch\u1ecdn th\u1ee9c \u0103n \u0111\u1ec3 \u0111\u1eb7t h\u00e0ng<\/p>\n<p>[\/vc_column_text][\/vc_column][vc_column width=&#8221;1\/2&#8243;]<div class=\"grve-element grve-carousel-wrapper\"  style=\" \"><div class=\"grve-carousel-navigation grve-dark grve-navigation-4 grve-navigation-default\">\t<div class=\"grve-carousel-buttons\">\t\t<div class=\"grve-carousel-prev\">\t\t\t<i class=\"grve-icon-arrow-left\"><\/i>\t\t<\/div>\t\t<div class=\"grve-carousel-next\">\t\t\t<i class=\"grve-icon-arrow-right\"><\/i>\t\t<\/div>\t<\/div><\/div><div class=\"grve-slider grve-carousel-element\" data-slider-speed=\"3500\" data-slider-pause=\"no\" data-slider-autoplay=\"yes\" data-slider-autoheight=\"no\"><div class=\"grve-slider-item\"><figure><div class=\"grve-media\"><img width=\"1024\" height=\"683\" src=\"https:\/\/bridgesdanang.com\/wp-content\/uploads\/2019\/10\/Bridges-Danang-Pier-Kitchen-4-1-1024x683.jpg\" class=\"attachment-large size-large\" alt=\"\" loading=\"lazy\" srcset=\"https:\/\/bridgesdanang.com\/wp-content\/uploads\/2019\/10\/Bridges-Danang-Pier-Kitchen-4-1-1024x683.jpg 1024w, https:\/\/bridgesdanang.com\/wp-content\/uploads\/2019\/10\/Bridges-Danang-Pier-Kitchen-4-1-300x200.jpg 300w, https:\/\/bridgesdanang.com\/wp-content\/uploads\/2019\/10\/Bridges-Danang-Pier-Kitchen-4-1-768x512.jpg 768w, https:\/\/bridgesdanang.com\/wp-content\/uploads\/2019\/10\/Bridges-Danang-Pier-Kitchen-4-1.jpg 1275w\" sizes=\"(max-width: 1024px) 100vw, 1024px\" \/><\/div><\/figure><\/div><div class=\"grve-slider-item\"><figure><div class=\"grve-media\"><img width=\"1024\" height=\"576\" src=\"https:\/\/bridgesdanang.com\/wp-content\/uploads\/2019\/10\/Bridges-Danang-Pier-Kitchen-3-1-1024x576.jpg\" class=\"attachment-large size-large\" alt=\"\" loading=\"lazy\" srcset=\"https:\/\/bridgesdanang.com\/wp-content\/uploads\/2019\/10\/Bridges-Danang-Pier-Kitchen-3-1-1024x576.jpg 1024w, https:\/\/bridgesdanang.com\/wp-content\/uploads\/2019\/10\/Bridges-Danang-Pier-Kitchen-3-1-300x169.jpg 300w, https:\/\/bridgesdanang.com\/wp-content\/uploads\/2019\/10\/Bridges-Danang-Pier-Kitchen-3-1-768x432.jpg 768w, https:\/\/bridgesdanang.com\/wp-content\/uploads\/2019\/10\/Bridges-Danang-Pier-Kitchen-3-1-1170x658.jpg 1170w, https:\/\/bridgesdanang.com\/wp-content\/uploads\/2019\/10\/Bridges-Danang-Pier-Kitchen-3-1-800x450.jpg 800w, https:\/\/bridgesdanang.com\/wp-content\/uploads\/2019\/10\/Bridges-Danang-Pier-Kitchen-3-1.jpg 1280w\" sizes=\"(max-width: 1024px) 100vw, 1024px\" \/><\/div><\/figure><\/div><div class=\"grve-slider-item\"><figure><div class=\"grve-media\"><img width=\"1024\" height=\"576\" src=\"https:\/\/bridgesdanang.com\/wp-content\/uploads\/2019\/10\/Bridges-Danang-Pier-Kitchen-2-1-1024x576.jpg\" class=\"attachment-large size-large\" alt=\"\" loading=\"lazy\" srcset=\"https:\/\/bridgesdanang.com\/wp-content\/uploads\/2019\/10\/Bridges-Danang-Pier-Kitchen-2-1-1024x576.jpg 1024w, https:\/\/bridgesdanang.com\/wp-content\/uploads\/2019\/10\/Bridges-Danang-Pier-Kitchen-2-1-300x169.jpg 300w, https:\/\/bridgesdanang.com\/wp-content\/uploads\/2019\/10\/Bridges-Danang-Pier-Kitchen-2-1-768x432.jpg 768w, https:\/\/bridgesdanang.com\/wp-content\/uploads\/2019\/10\/Bridges-Danang-Pier-Kitchen-2-1-1170x658.jpg 1170w, https:\/\/bridgesdanang.com\/wp-content\/uploads\/2019\/10\/Bridges-Danang-Pier-Kitchen-2-1-800x450.jpg 800w, https:\/\/bridgesdanang.com\/wp-content\/uploads\/2019\/10\/Bridges-Danang-Pier-Kitchen-2-1.jpg 1280w\" sizes=\"(max-width: 1024px) 100vw, 1024px\" \/><\/div><\/figure><\/div><div class=\"grve-slider-item\"><figure><div class=\"grve-media\"><img width=\"1024\" height=\"683\" src=\"https:\/\/bridgesdanang.com\/wp-content\/uploads\/2019\/10\/Bridges-Danang-Pier-Kitchen-1-1-1024x683.jpg\" class=\"attachment-large size-large\" alt=\"\" loading=\"lazy\" srcset=\"https:\/\/bridgesdanang.com\/wp-content\/uploads\/2019\/10\/Bridges-Danang-Pier-Kitchen-1-1-1024x683.jpg 1024w, https:\/\/bridgesdanang.com\/wp-content\/uploads\/2019\/10\/Bridges-Danang-Pier-Kitchen-1-1-300x200.jpg 300w, https:\/\/bridgesdanang.com\/wp-content\/uploads\/2019\/10\/Bridges-Danang-Pier-Kitchen-1-1-768x512.jpg 768w, https:\/\/bridgesdanang.com\/wp-content\/uploads\/2019\/10\/Bridges-Danang-Pier-Kitchen-1-1.jpg 1275w\" sizes=\"(max-width: 1024px) 100vw, 1024px\" \/><\/div><\/figure><\/div><\/div><\/div>[\/vc_column][vc_column]<div class=\"grve-element grve-hr \" style=\"padding-top: 30px;padding-bottom: 30px;\"><div class=\"grve-dashed-line-divider\"><\/div><\/div>[\/vc_column][\/vc_row][vc_row][vc_column width=&#8221;1\/2&#8243;]<div class=\"grve-element grve-carousel-wrapper\"  style=\" \"><div class=\"grve-carousel-navigation grve-dark grve-navigation-4 grve-navigation-default\">\t<div class=\"grve-carousel-buttons\">\t\t<div class=\"grve-carousel-prev\">\t\t\t<i class=\"grve-icon-arrow-left\"><\/i>\t\t<\/div>\t\t<div class=\"grve-carousel-next\">\t\t\t<i class=\"grve-icon-arrow-right\"><\/i>\t\t<\/div>\t<\/div><\/div><div class=\"grve-slider grve-carousel-element\" data-slider-speed=\"3500\" data-slider-pause=\"no\" data-slider-autoplay=\"yes\" data-slider-autoheight=\"no\"><div class=\"grve-slider-item\"><figure><div class=\"grve-media\"><img width=\"1024\" height=\"683\" src=\"https:\/\/bridgesdanang.com\/wp-content\/uploads\/2019\/10\/Bridges-Danang-outdoor-2-1-1024x683.jpg\" class=\"attachment-large size-large\" alt=\"\" loading=\"lazy\" srcset=\"https:\/\/bridgesdanang.com\/wp-content\/uploads\/2019\/10\/Bridges-Danang-outdoor-2-1-1024x683.jpg 1024w, https:\/\/bridgesdanang.com\/wp-content\/uploads\/2019\/10\/Bridges-Danang-outdoor-2-1-300x200.jpg 300w, https:\/\/bridgesdanang.com\/wp-content\/uploads\/2019\/10\/Bridges-Danang-outdoor-2-1-768x512.jpg 768w, https:\/\/bridgesdanang.com\/wp-content\/uploads\/2019\/10\/Bridges-Danang-outdoor-2-1.jpg 1275w\" sizes=\"(max-width: 1024px) 100vw, 1024px\" \/><\/div><\/figure><\/div><div class=\"grve-slider-item\"><figure><div class=\"grve-media\"><img width=\"1024\" height=\"683\" src=\"https:\/\/bridgesdanang.com\/wp-content\/uploads\/2019\/10\/Bridges-Danang-Facade-1-1-1024x683.jpg\" class=\"attachment-large size-large\" alt=\"\" loading=\"lazy\" srcset=\"https:\/\/bridgesdanang.com\/wp-content\/uploads\/2019\/10\/Bridges-Danang-Facade-1-1-1024x683.jpg 1024w, https:\/\/bridgesdanang.com\/wp-content\/uploads\/2019\/10\/Bridges-Danang-Facade-1-1-300x200.jpg 300w, https:\/\/bridgesdanang.com\/wp-content\/uploads\/2019\/10\/Bridges-Danang-Facade-1-1-768x512.jpg 768w, https:\/\/bridgesdanang.com\/wp-content\/uploads\/2019\/10\/Bridges-Danang-Facade-1-1.jpg 1275w\" sizes=\"(max-width: 1024px) 100vw, 1024px\" \/><\/div><\/figure><\/div><div class=\"grve-slider-item\"><figure><div class=\"grve-media\"><img width=\"1024\" height=\"683\" src=\"https:\/\/bridgesdanang.com\/wp-content\/uploads\/2019\/10\/Bridges-Danang-Lobby-1-1-1024x683.jpg\" class=\"attachment-large size-large\" alt=\"\" loading=\"lazy\" srcset=\"https:\/\/bridgesdanang.com\/wp-content\/uploads\/2019\/10\/Bridges-Danang-Lobby-1-1-1024x683.jpg 1024w, https:\/\/bridgesdanang.com\/wp-content\/uploads\/2019\/10\/Bridges-Danang-Lobby-1-1-300x200.jpg 300w, https:\/\/bridgesdanang.com\/wp-content\/uploads\/2019\/10\/Bridges-Danang-Lobby-1-1-768x512.jpg 768w, https:\/\/bridgesdanang.com\/wp-content\/uploads\/2019\/10\/Bridges-Danang-Lobby-1-1.jpg 1275w\" sizes=\"(max-width: 1024px) 100vw, 1024px\" \/><\/div><\/figure><\/div><\/div><\/div>[\/vc_column][vc_column width=&#8221;1\/2&#8243;][vc_custom_heading text=&#8221;TH\u1ee8C U\u1ed0NG&#8221; google_fonts=&#8221;font_family:Dosis%3A200%2C300%2Cregular%2C500%2C600%2C700%2C800|font_style:700%20bold%20regular%3A700%3Anormal&#8221;][vc_column_text]<\/p>\n<p style=\"text-align: left;\"><strong>QU\u1ea6Y BAR &amp; C\u00c0 PH\u00ca<\/strong><\/p>\n<p>[\/vc_column_text][vc_column_text]M\u1edf c\u1eeda c\u1ea3 ng\u00e0y v\u1edbi nhi\u1ec1u ch\u1ed7 ng\u1ed3i ngo\u00e0i tr\u1eddi.<\/p>\n<p>[\/vc_column_text][\/vc_column][\/vc_row]<\/p>\n","protected":false},"excerpt":{"rendered":"<p>[vc_row][vc_column width=&#8221;1\/2&#8243;][vc_custom_heading text=&#8221;\u0102N U\u1ed0NG&#8221; google_fonts=&#8221;font_family:Dosis%3A200%2C300%2Cregular%2C500%2C600%2C700%2C800|font_style:700%20bold%20regular%3A700%3Anormal&#8221;][vc_column_text]KH\u00d4NG GIAN L\u00c0M VI\u1ec6C M\u1ede [\/vc_column_text][vc_column_text]M\u1ed9t kh\u00f4ng gian m\u1edf v\u1edbi nh\u00e0 b\u1ebfp ch\u00e2u \u00c2u \u0111\u01b0\u1ee3c trang b\u1ecb \u0111\u1ea7y \u0111\u1ee7 \u0111\u1ec3 n\u1ea5u \u0103n, wifi nhanh v\u00e0 c\u00e1c ti\u1ec7n\u00a0nghi kinh doanh nh\u01b0 laptop, m\u00e1y in cho co-workers, d\u00e2n k\u0129 thu\u1eadt s\u1ed1 v\u00e0 m\u1ecdi ng\u01b0\u1eddi kh\u00e1c n\u1eefa \u0111\u1ec3 l\u00e0m vi\u1ec7c. Kh\u00f4ng kh\u00ed th\u01b0 gi\u00e3n, [&hellip;]<\/p>\n","protected":false},"author":1,"featured_media":0,"parent":0,"menu_order":0,"comment_status":"closed","ping_status":"closed","template":"","meta":[],"_links":{"self":[{"href":"https:\/\/bridgesdanang.com\/vi\/wp-json\/wp\/v2\/pages\/1449\/"}],"collection":[{"href":"https:\/\/bridgesdanang.com\/vi\/wp-json\/wp\/v2\/pages\/"}],"about":[{"href":"https:\/\/bridgesdanang.com\/vi\/wp-json\/wp\/v2\/types\/page\/"}],"author":[{"embeddable":true,"href":"https:\/\/bridgesdanang.com\/vi\/wp-json\/wp\/v2\/users\/1\/"}],"replies":[{"embeddable":true,"href":"https:\/\/bridgesdanang.com\/vi\/wp-json\/wp\/v2\/comments\/?post=1449"}],"version-history":[{"count":8,"href":"https:\/\/bridgesdanang.com\/vi\/wp-json\/wp\/v2\/pages\/1449\/revisions\/"}],"predecessor-version":[{"id":1457,"href":"https:\/\/bridgesdanang.com\/vi\/wp-json\/wp\/v2\/pages\/1449\/revisions\/1457\/"}],"wp:attachment":[{"href":"https:\/\/bridgesdanang.com\/vi\/wp-json\/wp\/v2\/media\/?parent=1449"}],"curies":[{"name":"wp","href":"https:\/\/api.w.org\/{rel}","templated":true}]}}