{"id":1441,"date":"2015-11-02T11:34:23","date_gmt":"2015-11-02T11:34:23","guid":{"rendered":"https:\/\/bridgesdanang.com\/stays\/"},"modified":"2019-11-13T07:21:45","modified_gmt":"2019-11-13T07:21:45","slug":"luu-tru","status":"publish","type":"page","link":"https:\/\/bridgesdanang.com\/vi\/luu-tru\/","title":{"rendered":"L\u01b0u tr\u00fa"},"content":{"rendered":"<p>[vc_row][vc_column width=&#8221;2\/3&#8243;][vc_row_inner][vc_column_inner]<div class=\"grve-element grve-image-text\" style=\"\"><div class=\"grve-image grve-position-left\">\t<a class=\"grve-image-popup\" href=\"https:\/\/bridgesdanang.com\/wp-content\/uploads\/2019\/10\/Bridges-Danang-Room-903-2.jpg\"><img width=\"1275\" height=\"850\" src=\"https:\/\/bridgesdanang.com\/wp-content\/uploads\/2019\/10\/Bridges-Danang-Room-903-2.jpg\" class=\"attachment-full size-full\" alt=\"Industrial Room Design Bridges Danang\" loading=\"lazy\" srcset=\"https:\/\/bridgesdanang.com\/wp-content\/uploads\/2019\/10\/Bridges-Danang-Room-903-2.jpg 1x,https:\/\/bridgesdanang.com\/wp-content\/uploads\/2019\/10\/Bridges-Danang-Room-903-2.jpg 2x\" \/>\t<\/a><\/div>  <div class=\"grve-content grve-position-right grve-align-left\"><h3 class=\"grve-h3\">Ph\u00f2ng Cosy<\/h3>  <p> M\u1ed9t\u00a0c\u0103n ph\u00f2ng r\u1ed9ng 17 \u2013 20m<sup>2<\/sup> c\u00f3 ban c\u00f4ng v\u00e0 c\u1eeda s\u1ed5 l\u1edbn, s\u00e0n g\u1ed7, \u0111i\u1ec1u h\u00f2a, qu\u1ea1t, TV v\u00e0 wifi mi\u1ec5n ph\u00ed. M\u1ed9t chi\u1ebfc gi\u01b0\u1eddng \u0111\u00f4i tho\u1ea3i m\u00e1i, b\u00e0n l\u00e0m vi\u1ec7c, gh\u1ebf sofa ho\u1eb7c x\u00edch \u0111u ki\u1ec3u v\u00f5ng, m\u00e1y pha c\u00e0 ph\u00ea v\u00e0 t\u1ee7 l\u1ea1nh mini t\u1ea1o n\u00ean 1 k\u00ec l\u01b0u tr\u00fa tho\u1ea3i m\u00e1i.<\/p>  <\/div><\/div>[\/vc_column_inner][\/vc_row_inner][vc_empty_space height=&#8221;50px&#8221;][vc_row_inner][vc_column_inner]<div class=\"grve-element grve-image-text\" style=\"\"><div class=\"grve-image grve-position-left\">\t<a class=\"grve-image-popup\" href=\"https:\/\/bridgesdanang.com\/wp-content\/uploads\/2019\/10\/Bridges-Danang-Room-904-1-2.jpg\"><img width=\"1275\" height=\"850\" src=\"https:\/\/bridgesdanang.com\/wp-content\/uploads\/2019\/10\/Bridges-Danang-Room-904-1-2.jpg\" class=\"attachment-full size-full\" alt=\"City Room Hammock Chair Danang Vietnam\" loading=\"lazy\" srcset=\"https:\/\/bridgesdanang.com\/wp-content\/uploads\/2019\/10\/Bridges-Danang-Room-904-1-2.jpg 1x,https:\/\/bridgesdanang.com\/wp-content\/uploads\/2019\/10\/Bridges-Danang-Room-904-1-2.jpg 2x\" \/>\t<\/a><\/div>  <div class=\"grve-content grve-position-right grve-align-left\"><h3 class=\"grve-h3\">Cozy Sea View<\/h3>  <p>T\u01b0\u01a1ng t\u1ef1 ph\u00f2ng COSY nh\u01b0ng \u1edf t\u1ea7ng cao h\u01a1n v\u1edbi t\u1ea7m nh\u00ecn ra bi\u1ec3n.<\/p>  <\/div><\/div>[\/vc_column_inner][\/vc_row_inner][vc_empty_space height=&#8221;50px&#8221;][vc_row_inner][vc_column_inner]<div class=\"grve-element grve-image-text\" style=\"\"><div class=\"grve-image grve-position-left\">\t<a class=\"grve-image-popup\" href=\"https:\/\/bridgesdanang.com\/wp-content\/uploads\/2019\/10\/Bridges-Danang-Room-901-3.jpg\"><img width=\"1275\" height=\"850\" src=\"https:\/\/bridgesdanang.com\/wp-content\/uploads\/2019\/10\/Bridges-Danang-Room-901-3.jpg\" class=\"attachment-full size-full\" alt=\"Single Double Business Suites Danang Vietnam\" loading=\"lazy\" srcset=\"https:\/\/bridgesdanang.com\/wp-content\/uploads\/2019\/10\/Bridges-Danang-Room-901-3.jpg 1x,https:\/\/bridgesdanang.com\/wp-content\/uploads\/2019\/10\/Bridges-Danang-Room-901-3.jpg 2x\" \/>\t<\/a><\/div>  <div class=\"grve-content grve-position-right grve-align-left\"><h3 class=\"grve-h3\">Deluxe<\/h3>  <p> M\u1ed9t\u00a0c\u0103n ph\u00f2ng r\u1ed9ng 26 \u2013 28m<sup>2<\/sup>\u00a0 c\u00f3 ban c\u00f4ng v\u00e0 c\u1eeda s\u1ed5 l\u1edbn, s\u00e0n g\u1ed7, \u0111i\u1ec1u h\u00f2a, qu\u1ea1t, TV v\u00e0 wifi mi\u1ec5n ph\u00ed. Gi\u01b0\u1eddng \u0111\u00f4i ho\u0103c 2 gi\u01b0\u1eddng \u0111\u01a1n tho\u1ea3i m\u00e1i, b\u00e0n l\u00e0m vi\u1ec7c, gh\u1ebf sofa ho\u1eb7c x\u00edch \u0111u ki\u1ec3u v\u00f5ng, m\u00e1y pha c\u00e0 ph\u00ea v\u00e0 t\u1ee7 l\u1ea1nh mini t\u1ea1o n\u00ean 1 k\u00ec l\u01b0u tr\u00fa tho\u1ea3i m\u00e1i.<\/p>  <\/div><\/div>[\/vc_column_inner][\/vc_row_inner][vc_empty_space height=&#8221;50px&#8221;][vc_row_inner][vc_column_inner]<div class=\"grve-element grve-image-text\" style=\"\"><div class=\"grve-image grve-position-left\">\t<a class=\"grve-image-popup\" href=\"https:\/\/bridgesdanang.com\/wp-content\/uploads\/2019\/10\/Bridges-Danang-Room-902-Overview.jpg\"><img width=\"1275\" height=\"850\" src=\"https:\/\/bridgesdanang.com\/wp-content\/uploads\/2019\/10\/Bridges-Danang-Room-902-Overview.jpg\" class=\"attachment-full size-full\" alt=\"Bridges Danang Modern Room Design\" loading=\"lazy\" srcset=\"https:\/\/bridgesdanang.com\/wp-content\/uploads\/2019\/10\/Bridges-Danang-Room-902-Overview.jpg 1x,https:\/\/bridgesdanang.com\/wp-content\/uploads\/2019\/10\/Bridges-Danang-Room-902-Overview.jpg 2x\" \/>\t<\/a><\/div>  <div class=\"grve-content grve-position-right grve-align-left\"><h3 class=\"grve-h3\">Deluxe Sea View<\/h3>  <p>T\u01b0\u01a1ng t\u1ef1 ph\u00f2ng COSY nh\u01b0ng \u1edf t\u1ea7ng cao h\u01a1n v\u1edbi t\u1ea7m nh\u00ecn ra bi\u1ec3n.<\/p>  <\/div><\/div>[\/vc_column_inner][\/vc_row_inner][vc_empty_space height=&#8221;50px&#8221;][\/vc_column][vc_column width=&#8221;1\/3&#8243;][vc_column_text]<\/p>\n<section id=\"hbe-bws-wrapper-widget-code\"><\/section>\n<p>[\/vc_column_text][\/vc_column][\/vc_row]<\/p>\n<p>&nbsp;<\/p>\n<p>&nbsp;<\/p>\n<p>&nbsp;<\/p>\n","protected":false},"excerpt":{"rendered":"<p>[vc_row][vc_column width=&#8221;2\/3&#8243;][vc_row_inner][vc_column_inner][\/vc_column_inner][\/vc_row_inner][vc_empty_space height=&#8221;50px&#8221;][vc_row_inner][vc_column_inner][\/vc_column_inner][\/vc_row_inner][vc_empty_space height=&#8221;50px&#8221;][vc_row_inner][vc_column_inner][\/vc_column_inner][\/vc_row_inner][vc_empty_space height=&#8221;50px&#8221;][vc_row_inner][vc_column_inner][\/vc_column_inner][\/vc_row_inner][vc_empty_space height=&#8221;50px&#8221;][\/vc_column][vc_column width=&#8221;1\/3&#8243;][vc_column_text] [\/vc_column_text][\/vc_column][\/vc_row] &nbsp; &nbsp; &nbsp;<\/p>\n","protected":false},"author":1,"featured_media":0,"parent":0,"menu_order":0,"comment_status":"closed","ping_status":"closed","template":"","meta":[],"_links":{"self":[{"href":"https:\/\/bridgesdanang.com\/vi\/wp-json\/wp\/v2\/pages\/1441\/"}],"collection":[{"href":"https:\/\/bridgesdanang.com\/vi\/wp-json\/wp\/v2\/pages\/"}],"about":[{"href":"https:\/\/bridgesdanang.com\/vi\/wp-json\/wp\/v2\/types\/page\/"}],"author":[{"embeddable":true,"href":"https:\/\/bridgesdanang.com\/vi\/wp-json\/wp\/v2\/users\/1\/"}],"replies":[{"embeddable":true,"href":"https:\/\/bridgesdanang.com\/vi\/wp-json\/wp\/v2\/comments\/?post=1441"}],"version-history":[{"count":7,"href":"https:\/\/bridgesdanang.com\/vi\/wp-json\/wp\/v2\/pages\/1441\/revisions\/"}],"predecessor-version":[{"id":1462,"href":"https:\/\/bridgesdanang.com\/vi\/wp-json\/wp\/v2\/pages\/1441\/revisions\/1462\/"}],"wp:attachment":[{"href":"https:\/\/bridgesdanang.com\/vi\/wp-json\/wp\/v2\/media\/?parent=1441"}],"curies":[{"name":"wp","href":"https:\/\/api.w.org\/{rel}","templated":true}]}}