{"id":1113,"date":"2019-03-02T04:16:47","date_gmt":"2019-03-02T04:16:47","guid":{"rendered":"https:\/\/bridgesdanang.com\/danang-bridgeclimb\/"},"modified":"2019-11-13T10:00:58","modified_gmt":"2019-11-13T10:00:58","slug":"trai-nghiem-leo-thang","status":"publish","type":"page","link":"https:\/\/bridgesdanang.com\/vi\/trai-nghiem-leo-thang\/","title":{"rendered":"Tr\u1ea3i nghi\u1ec7m leo thang"},"content":{"rendered":"<p>[vc_row][vc_column width=&#8221;2\/3&#8243;][vc_custom_heading text=&#8221;TR\u1ea2I NGHI\u1ec6M LEO THANG&#8221; google_fonts=&#8221;font_family:Dosis%3A200%2C300%2Cregular%2C500%2C600%2C700%2C800|font_style:700%20bold%20regular%3A700%3Anormal&#8221;][vc_empty_space][vc_column_text]B\u1ea1n ch\u01b0a th\u1ef1c s\u1ef1 nh\u00ecn ng\u1eafm \u0110\u00e0 N\u1eb5ng cho \u0111\u1ebfn khi b\u1ea1n tr\u1ea3i nghi\u1ec7m c\u1ea3m gi\u00e1c h\u1ed3i h\u1ed9p ngo\u1ea1n m\u1ee5c c\u1ee7a vi\u1ec7c leo c\u1ea7u thang.<\/p>\n<p>90 ph\u00fat v\u1edbi t\u1ed5ng 28m \u0111\u1ec3 leo l\u00ean \u0111\u1ec9nh \u0111\u00e3 tr\u1edf th\u00e0nh vi\u1ec7c c\u1ea7n l\u00e0m \u0111\u1ed1i v\u1edbi kh\u00e1ch du l\u1ecbch v\u00e0 ng\u01b0\u1eddi d\u00e2n \u0111\u1ecba ph\u01b0\u01a1ng.<\/p>\n<p>Vi\u1ec7c leo l\u00ean d\u1eabn b\u1ea1n th\u00f4ng qua thang l\u00ean s\u00e2n th\u01b0\u1ee3ng. Nh\u00f3m t\u1ed1i \u0111a 4 ng\u01b0\u1eddi c\u00f3 th\u1ec3 l\u00ean c\u00f9ng l\u00fac.<\/p>\n<p>\u0110\u1ec3 l\u01b0u gi\u1eef k\u1ec9 ni\u1ec7m,tr\u01b0\u1edfng nh\u00f3m leo n\u00fai s\u1ebd ch\u1ee5p \u1ea3nh cho b\u1ea1n c\u0169ng nh\u01b0 c\u1ea3 nh\u00f3m (v\u00ec s\u1ef1 an to\u00e0n, ng\u01b0\u1eddi leo n\u00fai kh\u00f4ng \u0111\u01b0\u1ee3c mang theo v\u1eadt d\u1ee5ng khi leo n\u00fai \u2013 k\u1ec3 c\u1ea3 m\u00e1y \u1ea3nh). Sau khi k\u1ebft th\u00fac h\u00e0nh tr\u00ecnh, b\u1ea1n s\u1ebd nh\u1eadn \u0111\u01b0\u1ee3c gi\u1ea5y ch\u1ee9ng nh\u1eadn k\u1ec9 ni\u1ec7m leo n\u00fai.<\/p>\n<p>&nbsp;<\/p>\n<p>[\/vc_column_text][\/vc_column][vc_column width=&#8221;1\/3&#8243;]<div class=\"grve-element grve-image grve-align-center\" style=\"\"><img width=\"415\" height=\"600\" src=\"https:\/\/bridgesdanang.com\/wp-content\/uploads\/2019\/03\/climb-2.png\" class=\"attachment-full size-full\" alt=\"Bridges Danang Bridgeclimb City Building Climbing\" loading=\"lazy\" srcset=\"https:\/\/bridgesdanang.com\/wp-content\/uploads\/2019\/03\/climb-2.png 1x,https:\/\/bridgesdanang.com\/wp-content\/uploads\/2019\/03\/climb-2.png 2x\" \/><\/div>[\/vc_column][\/vc_row][vc_row][vc_column][vc_empty_space height=&#8221;50px&#8221;][vc_custom_heading text=&#8221;&#8221; font_container=&#8221;tag:h2|text_align:center&#8221; google_fonts=&#8221;font_family:Dosis%3A200%2C300%2Cregular%2C500%2C600%2C700%2C800|font_style:700%20bold%20regular%3A700%3Anormal&#8221;][\/vc_column][\/vc_row][vc_row][vc_column width=&#8221;1\/3&#8243;]<div class=\"grve-element grve-image grve-align-center\" style=\"\"><img width=\"580\" height=\"945\" src=\"https:\/\/bridgesdanang.com\/wp-content\/uploads\/2019\/03\/2019-03-05_08-35-39.png\" class=\"attachment-full size-full\" alt=\"\" loading=\"lazy\" srcset=\"https:\/\/bridgesdanang.com\/wp-content\/uploads\/2019\/03\/2019-03-05_08-35-39.png 1x,https:\/\/bridgesdanang.com\/wp-content\/uploads\/2019\/03\/2019-03-05_08-35-39.png 2x\" \/><\/div>[\/vc_column][vc_column width=&#8221;2\/3&#8243;][vc_column_text]<\/p>\n<h3 style=\"font-family: Dosis; font-weight: 500; font-style: normal;\">BridgeClimb Sampler<span style=\"float: right;\">VND 550,000\/450,000<\/span><\/h3>\n<p>[\/vc_column_text][vc_column_text]Trong 30 ph\u00fat \u0111\u1ea7u ti\u00ean, chinh ph\u1ee5c 1\/3 t\u00f2a nh\u00e0. M\u1ed9t \u00fd t\u01b0\u1edfng cho nh\u1eefng ng\u01b0\u1eddi h\u1ee9ng th\u00fa v\u1edbi \u0111\u1ed9 cao v\u00e0 kh\u00f4ng mu\u1ed1n \u0111i l\u00ean c\u00e1c l\u1ed1i l\u00ean b\u00ecnh th\u01b0\u1eddng.<\/p>\n<p>[\/vc_column_text]<div class=\"grve-element grve-hr \" style=\"padding-bottom: 20px;\"><div class=\"grve-dashed-line-divider\"><\/div><\/div>[vc_column_text]<\/p>\n<h3 style=\"font-family: Dosis; font-weight: 500; font-style: normal;\">BridgeClimb<span style=\"float: right;\">VND 1,000,000\/750,000<\/span><\/h3>\n<p>[\/vc_column_text][vc_column_text]Chi\u00eam ng\u01b0\u1ee1ng to\u00e0n c\u1ea3nh \u0110\u00e0 N\u1eb5ng khi b\u1ea1n chinh ph\u1ee5c \u0111\u1ec9nh c\u1ee7a t\u00f2a nh\u00e0 v\u1edbi t\u1ed5ng \u0111\u1ed9 cao 28m<\/p>\n<p>[\/vc_column_text]<div class=\"grve-element grve-hr \" style=\"padding-bottom: 20px;\"><div class=\"grve-dashed-line-divider\"><\/div><\/div>[vc_column_text]<\/p>\n<h3 style=\"font-family: Dosis; font-weight: 500; font-style: normal;\">Twilight<span style=\"float: right;\">VND 1,250,000\/1,000,000<\/span><\/h3>\n<p>[\/vc_column_text][vc_column_text]B\u1eaft \u0111\u1ea7u khi k\u1ebft th\u00fac m\u1ed9t ng\u00e0y. \u0110\u1eafm ch\u00ecm v\u00e0o ho\u00e0ng h\u00f4n v\u00e0 ng\u1eafm m\u1eb7t tr\u0103ng v\u00e0o ban \u0111\u00eam n\u1ebfu th\u1eddi ti\u1ebft cho ph\u00e9p.<\/p>\n<p>[\/vc_column_text]<div class=\"grve-element grve-hr \" style=\"padding-bottom: 20px;\"><div class=\"grve-dashed-line-divider\"><\/div><\/div>[vc_custom_heading text=&#8221;Leo theo nh\u00f3m v\u00e0 c\u00e1c s\u1ef1 ki\u1ec7n \u0111\u1eb7c bi\u1ec7t (\u0110\u00e1m c\u01b0\u1edbi \/ Tu\u1ea7n tr\u0103ng m\u1eadt)&#8221; font_container=&#8221;tag:h3|text_align:left&#8221; google_fonts=&#8221;font_family:Dosis%3A200%2C300%2Cregular%2C500%2C600%2C700%2C800|font_style:500%20bold%20regular%3A500%3Anormal&#8221;][vc_empty_space height=&#8221;10px&#8221;][vc_column_text]B\u1ea1n mu\u1ed1n t\u00ecm c\u00e1ch th\u00fac \u0111\u1ea9y nh\u00e2n vi\u00ean c\u1ee7a m\u00ecnh b\u1eb1ng c\u00e1c ho\u1ea1t \u0111\u1ed9ng t\u1eadp th\u1ec3, hay leo c\u00f9ng gia \u0111\u00ecnh, b\u1ea1n b\u00e8, t\u1ed5 ch\u1ee9c c\u00e1c s\u1ef1 ki\u1ec7n \u0111\u1eb7c bi\u1ec7t. The BridgeClimb s\u1ebd gi\u00fap b\u1ea1n t\u1ea1o n\u00ean s\u1ef1 \u0111o\u00e0n k\u1ebft, h\u1ee9ng th\u00fa v\u00e0 c\u1ea3m gi\u00e1c chinh ph\u1ee5c. Download Corporate kit \u0111\u1ec3 c\u00f3 th\u00eam nhi\u1ec1u th\u00f4ng tin<\/p>\n<p>[\/vc_column_text][\/vc_column][\/vc_row]<\/p>\n","protected":false},"excerpt":{"rendered":"<p>[vc_row][vc_column width=&#8221;2\/3&#8243;][vc_custom_heading text=&#8221;TR\u1ea2I NGHI\u1ec6M LEO THANG&#8221; google_fonts=&#8221;font_family:Dosis%3A200%2C300%2Cregular%2C500%2C600%2C700%2C800|font_style:700%20bold%20regular%3A700%3Anormal&#8221;][vc_empty_space][vc_column_text]B\u1ea1n ch\u01b0a th\u1ef1c s\u1ef1 nh\u00ecn ng\u1eafm \u0110\u00e0 N\u1eb5ng cho \u0111\u1ebfn khi b\u1ea1n tr\u1ea3i nghi\u1ec7m c\u1ea3m gi\u00e1c h\u1ed3i h\u1ed9p ngo\u1ea1n m\u1ee5c c\u1ee7a vi\u1ec7c leo c\u1ea7u thang. 90 ph\u00fat v\u1edbi t\u1ed5ng 28m \u0111\u1ec3 leo l\u00ean \u0111\u1ec9nh \u0111\u00e3 tr\u1edf th\u00e0nh vi\u1ec7c c\u1ea7n l\u00e0m \u0111\u1ed1i v\u1edbi kh\u00e1ch du l\u1ecbch v\u00e0 ng\u01b0\u1eddi d\u00e2n \u0111\u1ecba [&hellip;]<\/p>\n","protected":false},"author":1,"featured_media":0,"parent":0,"menu_order":0,"comment_status":"closed","ping_status":"closed","template":"","meta":[],"_links":{"self":[{"href":"https:\/\/bridgesdanang.com\/vi\/wp-json\/wp\/v2\/pages\/1113\/"}],"collection":[{"href":"https:\/\/bridgesdanang.com\/vi\/wp-json\/wp\/v2\/pages\/"}],"about":[{"href":"https:\/\/bridgesdanang.com\/vi\/wp-json\/wp\/v2\/types\/page\/"}],"author":[{"embeddable":true,"href":"https:\/\/bridgesdanang.com\/vi\/wp-json\/wp\/v2\/users\/1\/"}],"replies":[{"embeddable":true,"href":"https:\/\/bridgesdanang.com\/vi\/wp-json\/wp\/v2\/comments\/?post=1113"}],"version-history":[{"count":4,"href":"https:\/\/bridgesdanang.com\/vi\/wp-json\/wp\/v2\/pages\/1113\/revisions\/"}],"predecessor-version":[{"id":1511,"href":"https:\/\/bridgesdanang.com\/vi\/wp-json\/wp\/v2\/pages\/1113\/revisions\/1511\/"}],"wp:attachment":[{"href":"https:\/\/bridgesdanang.com\/vi\/wp-json\/wp\/v2\/media\/?parent=1113"}],"curies":[{"name":"wp","href":"https:\/\/api.w.org\/{rel}","templated":true}]}}