{"id":1091,"date":"2015-11-02T11:33:36","date_gmt":"2015-11-02T11:33:36","guid":{"rendered":"https:\/\/bridgesdanang.com\/home\/"},"modified":"2024-01-17T07:47:34","modified_gmt":"2024-01-17T07:47:34","slug":"home","status":"publish","type":"page","link":"https:\/\/bridgesdanang.com\/vi\/","title":{"rendered":"Trang ch\u1ee7"},"content":{"rendered":"<p>[vc_row header_feature=&#8221;yes&#8221; padding_top=&#8221;50&#8243; padding_bottom=&#8221;50&#8243; font_color=&#8221;#2d2d2d&#8221; margin_bottom=&#8221;0&#8243; section_id=&#8221;below-slider&#8221;][vc_column css=&#8221;.vc_custom_1446727807647{padding-right: 18% !important;padding-left: 18% !important;}&#8221;]<div class=\"grve-element grve-slogan grve-align-center\" style=\"\"><h2 class=\"grve-slogan-title grve-align-center grve-h2\"><span style=\"font-size: 140%; line-height: 1.120em;\">Bridges Da Nang<\/span><\/h2><\/div>[vc_custom_heading text=&#8221;Bridges d\u1ef1a tr\u00ean n\u1ec1n t\u1ea3ng \u00fd t\u01b0\u1edfng g\u1ed3m 25 co-working v\u00e0 co-living v\u1edbi nh\u1eefng ph\u00f2ng m\u00e0 c\u00e1c thi\u1ebft k\u1ebf \u0111\u01b0\u1ee3c s\u00e1ng t\u1ea1o th\u00e0nh m\u1ed9t kh\u00f4ng gian hi\u1ec7u qu\u1ea3.&#8221; font_container=&#8221;tag:h4|text_align:center|color:%230a0a0a&#8221; google_fonts=&#8221;font_family:Dosis%3A200%2C300%2Cregular%2C500%2C600%2C700%2C800|font_style:500%20bold%20regular%3A500%3Anormal&#8221;][vc_custom_heading text=&#8221;L\u1ea5y c\u1ea3m h\u1ee9ng t\u1eeb nh\u1eefng c\u00e2y c\u1ea7u \u1edf \u0111\u00e0 n\u1eb5ng v\u00e0 \u0111\u01b0\u1ee3c ph\u00e1t tri\u1ec3n \u0111\u1ec3 h\u1ea5p d\u1eabn \u0111\u1ebfn nh\u1eefng kh\u00e1ch du l\u1ecbch \u0111\u01b0\u1ee3c g\u1ecdi l\u00e0 \u201c th\u1ebf h\u1ec7 kh\u00f4ng ch\u00ednh th\u1ee9c\u201d.&#8221; font_container=&#8221;tag:h4|text_align:center|color:%230a0a0a&#8221; google_fonts=&#8221;font_family:Dosis%3A200%2C300%2Cregular%2C500%2C600%2C700%2C800|font_style:500%20bold%20regular%3A500%3Anormal&#8221;][vc_custom_heading text=&#8221;Kh\u00f4ng gian l\u00e0m vi\u1ec7c chung pier, deck bar, caf\u00e9 v\u00e0 khu t\u1eadp th\u1ec3 d\u1ee5c \u0111\u01b0\u1ee3c ch\u1ebf t\u1ea1o b\u1edfi v\u1eadt li\u1ec7u v\u00e0 h\u00ecnh t\u01b0\u1ee3ng thi\u1ebft k\u1ebf c\u00e2y c\u1ea7u \u0111\u1ecba ph\u01b0\u01a1ng gi\u00fap qu\u00fd kh\u00e1ch t\u1eadn h\u01b0\u1edfng kh\u00f4ng gian xung quanh.&#8221; font_container=&#8221;tag:h4|text_align:center|color:%230a0a0a&#8221; google_fonts=&#8221;font_family:Dosis%3A200%2C300%2Cregular%2C500%2C600%2C700%2C800|font_style:500%20bold%20regular%3A500%3Anormal&#8221;][vc_column_text][\/vc_column_text][vc_empty_space height=&#8221;40&#8243;]<div class=\"grve-element grve-align-center\"><a href=\"https:\/\/booking.ezcms.vn\/hotel\/BeHome?hotel_code=CD4E93&#038;currency=VND&#038;lang=vi\" class=\"grve-btn grve-btn-medium grve-square grve-bg-primary-1 grve-bg-hover-black\"><span>\u0110\u1eb6T NGAY<\/span><\/a><\/div>[vc_row_inner][vc_column_inner width=&#8221;1\/3&#8243;]<div class=\"grve-element grve-box grve-align-center\" style=\"\"><a href=\"https:\/\/bridgesdanang.com\/stays\/\" target=\"_self\"><figure class=\"grve-image-hover grve-zoom-none\">\t<div class=\"grve-media\">\t\t<div class=\"grve-bg-dark grve-hover-overlay grve-opacity-40\"><\/div><img width=\"936\" height=\"1263\" src=\"https:\/\/bridgesdanang.com\/wp-content\/uploads\/2019\/10\/stay.jpg\" class=\"attachment-full size-full\" alt=\"Bridges Vietnam Hotel Room\" loading=\"lazy\" srcset=\"https:\/\/bridgesdanang.com\/wp-content\/uploads\/2019\/10\/stay.jpg 1x,https:\/\/bridgesdanang.com\/wp-content\/uploads\/2019\/10\/stay.jpg 2x\" \/>\t<\/div><\/figure><\/a>  <div class=\"grve-box-content\">    <a href=\"https:\/\/bridgesdanang.com\/stays\/\" target=\"_self\"><h3 class=\"grve-box-title grve-h5\">L\u01b0u tr\u00fa<\/h3>    <\/a>    <p><\/p>  <\/div><\/div>[\/vc_column_inner][vc_column_inner width=&#8221;1\/3&#8243;]<div class=\"grve-element grve-box grve-align-center\" style=\"\"><a href=\"https:\/\/bridgesdanang.com\/eat-and-drink\/\" target=\"_self\"><figure class=\"grve-image-hover grve-zoom-none\">\t<div class=\"grve-media\">\t\t<div class=\"grve-bg-dark grve-hover-overlay grve-opacity-40\"><\/div><img width=\"936\" height=\"1263\" src=\"https:\/\/bridgesdanang.com\/wp-content\/uploads\/2019\/10\/Kitchen-1.jpg\" class=\"attachment-full size-full\" alt=\"Light Open Restaurant Kitchen Danang\" loading=\"lazy\" srcset=\"https:\/\/bridgesdanang.com\/wp-content\/uploads\/2019\/10\/Kitchen-1.jpg 1x,https:\/\/bridgesdanang.com\/wp-content\/uploads\/2019\/10\/Kitchen-1.jpg 2x\" \/>\t<\/div><\/figure><\/a>  <div class=\"grve-box-content\">    <a href=\"https:\/\/bridgesdanang.com\/eat-and-drink\/\" target=\"_self\"><h3 class=\"grve-box-title grve-h5\">Th\u1ee9c \u0103n &amp; \u0110\u1ed3 u\u1ed1ng<\/h3>    <\/a>    <p><\/p>  <\/div><\/div>[\/vc_column_inner][vc_column_inner width=&#8221;1\/3&#8243;]<div class=\"grve-element grve-box grve-align-center\" style=\"\"><a href=\"https:\/\/bridgesdanang.com\/work-out-room\/\" target=\"_self\"><figure class=\"grve-image-hover grve-zoom-none\">\t<div class=\"grve-media\">\t\t<div class=\"grve-bg-dark grve-hover-overlay grve-opacity-40\"><\/div><img width=\"936\" height=\"1263\" src=\"https:\/\/bridgesdanang.com\/wp-content\/uploads\/2019\/10\/work-out-1.jpg\" class=\"attachment-full size-full\" alt=\"Bridges Danang Gym Treadmill Workout\" loading=\"lazy\" srcset=\"https:\/\/bridgesdanang.com\/wp-content\/uploads\/2019\/10\/work-out-1.jpg 1x,https:\/\/bridgesdanang.com\/wp-content\/uploads\/2019\/10\/work-out-1.jpg 2x\" \/>\t<\/div><\/figure><\/a>  <div class=\"grve-box-content\">    <a href=\"https:\/\/bridgesdanang.com\/work-out-room\/\" target=\"_self\"><h3 class=\"grve-box-title grve-h5\">Th\u1ec3 d\u1ee5c<\/h3>    <\/a>    <p><\/p>  <\/div><\/div>[\/vc_column_inner][\/vc_row_inner][\/vc_column][\/vc_row][vc_row][vc_column]<div class=\"grve-element grve-slogan grve-align-center\" style=\"\"><h2 class=\"grve-slogan-title grve-align-center grve-h2\"><span style=\"font-size: 140%; line-height: 1.120em;\">L\u01b0u tr\u00fa<\/span><\/h2><\/div>[vc_column_text]<\/p>\n<p style=\"text-align: center;\">Bridges l\u00e0 t\u00f2a nh\u00e0 9 t\u1ea7ng g\u1ed3m 25 ph\u00f2ng v\u1edbi 4 ph\u00f2ng m\u1ed7i t\u1ea7ng. Bao g\u1ed3m 6 ph\u00f2ng \u0111\u01b0\u1ee3c k\u1ebft n\u1ed1i v\u1edbi nhau. T\u1ea5t c\u1ea3 \u0111\u1ec1u c\u00f3 ban c\u00f4ng, c\u1eeda s\u1ed5 l\u1edbn v\u1edbi nhi\u1ec1u \u00e1nh s\u00e1ng ban ng\u00e0y, TV, internet, c\u00e1c ti\u1ec7n nghi v\u00e0 nh\u00e0 b\u1ebfp r\u1ed9ng 100m<sup>2<\/sup>\u00a0 v\u00e0 qu\u1ea7y bar.<\/p>\n<p>&nbsp;<\/p>\n<p>[\/vc_column_text][vc_row_inner][vc_column_inner width=&#8221;1\/4&#8243; el_id=&#8221;accommodations-room&#8221;]<div class=\"grve-element grve-box grve-align-center\" style=\"\"><a href=\"https:\/\/bridgesdanang.com\/stays\/\" target=\"_self\"><figure class=\"grve-image-hover grve-zoom-none\">\t<div class=\"grve-media\">\t\t<div class=\"grve-bg-light grve-hover-overlay grve-opacity-20\"><\/div><img width=\"1275\" height=\"850\" src=\"https:\/\/bridgesdanang.com\/wp-content\/uploads\/2019\/10\/Bridges-Danang-Room-903-2.jpg\" class=\"attachment-full size-full\" alt=\"Industrial Room Design Bridges Danang\" loading=\"lazy\" srcset=\"https:\/\/bridgesdanang.com\/wp-content\/uploads\/2019\/10\/Bridges-Danang-Room-903-2.jpg 1x,https:\/\/bridgesdanang.com\/wp-content\/uploads\/2019\/10\/Bridges-Danang-Room-903-2.jpg 2x\" \/>\t<\/div><\/figure><\/a>  <div class=\"grve-box-content\">    <a href=\"https:\/\/bridgesdanang.com\/stays\/\" target=\"_self\"><h3 class=\"grve-box-title grve-h3\">Ph\u00f2ng Cozy<\/h3>    <\/a>    <p>1 c\u0103n ph\u00f2ng r\u1ed9ng 17 \u2013 20m2 c\u00f3 ban c\u00f4ng v\u00e0 c\u1eeda s\u1ed5 l\u1edbn, s\u00e0n g\u1ed7, \u0111i\u1ec1u h\u00f2a, qu\u1ea1t, TV v\u00e0 wifi mi\u1ec5n ph\u00ed. M\u1ed9t chi\u1ebfc gi\u01b0\u1eddng \u0111\u00f4i tho\u1ea3i m\u00e1i, b\u00e0n l\u00e0m vi\u1ec7c, gh\u1ebf sofa ho\u1eb7c x\u00edch \u0111u ki\u1ec3u v\u00f5ng, m\u00e1y pha c\u00e0 ph\u00ea v\u00e0 t\u1ee7 l\u1ea1nh mini t\u1ea1o n\u00ean 1 k\u00ec l\u01b0u tr\u00fa tho\u1ea3i m\u00e1i.<\/p>  <\/div><\/div>[\/vc_column_inner][vc_column_inner width=&#8221;1\/4&#8243;]<div class=\"grve-element grve-box grve-align-center\" style=\"\"><a href=\"https:\/\/bridgesdanang.com\/stays\/\" target=\"_self\"><figure class=\"grve-image-hover grve-zoom-none\">\t<div class=\"grve-media\">\t\t<div class=\"grve-bg-light grve-hover-overlay grve-opacity-20\"><\/div><img width=\"1275\" height=\"850\" src=\"https:\/\/bridgesdanang.com\/wp-content\/uploads\/2019\/10\/Bridges-Danang-Room-904-1-2.jpg\" class=\"attachment-full size-full\" alt=\"City Room Hammock Chair Danang Vietnam\" loading=\"lazy\" srcset=\"https:\/\/bridgesdanang.com\/wp-content\/uploads\/2019\/10\/Bridges-Danang-Room-904-1-2.jpg 1x,https:\/\/bridgesdanang.com\/wp-content\/uploads\/2019\/10\/Bridges-Danang-Room-904-1-2.jpg 2x\" \/>\t<\/div><\/figure><\/a>  <div class=\"grve-box-content\">    <a href=\"https:\/\/bridgesdanang.com\/stays\/\" target=\"_self\"><h3 class=\"grve-box-title grve-h3\">Cozy Sea View<\/h3>    <\/a>    <p>T\u01b0\u01a1ng t\u1ef1 ph\u00f2ng COSY nh\u01b0ng \u1edf t\u1ea7ng cao h\u01a1n v\u1edbi t\u1ea7m nh\u00ecn ra bi\u1ec3n.<\/p>  <\/div><\/div>[\/vc_column_inner][vc_column_inner width=&#8221;1\/4&#8243;]<div class=\"grve-element grve-box grve-align-center\" style=\"\"><a href=\"https:\/\/bridgesdanang.com\/stays\/\" target=\"_self\"><figure class=\"grve-image-hover grve-zoom-none\">\t<div class=\"grve-media\">\t\t<div class=\"grve-bg-light grve-hover-overlay grve-opacity-20\"><\/div><img width=\"1275\" height=\"850\" src=\"https:\/\/bridgesdanang.com\/wp-content\/uploads\/2019\/10\/Bridges-Danang-Room-901-3.jpg\" class=\"attachment-full size-full\" alt=\"Single Double Business Suites Danang Vietnam\" loading=\"lazy\" srcset=\"https:\/\/bridgesdanang.com\/wp-content\/uploads\/2019\/10\/Bridges-Danang-Room-901-3.jpg 1x,https:\/\/bridgesdanang.com\/wp-content\/uploads\/2019\/10\/Bridges-Danang-Room-901-3.jpg 2x\" \/>\t<\/div><\/figure><\/a>  <div class=\"grve-box-content\">    <a href=\"https:\/\/bridgesdanang.com\/stays\/\" target=\"_self\"><h3 class=\"grve-box-title grve-h3\">Deluxe<\/h3>    <\/a>    <p>1 c\u0103n ph\u00f2ng r\u1ed9ng 26 \u2013 28m2 c\u00f3 ban c\u00f4ng v\u00e0 c\u1eeda s\u1ed5 l\u1edbn, s\u00e0n g\u1ed7, \u0111i\u1ec1u h\u00f2a, qu\u1ea1t, TV v\u00e0 wifi mi\u1ec5n ph\u00ed. Gi\u01b0\u1eddng \u0111\u00f4i ho\u0103c 2 gi\u01b0\u1eddng \u0111\u01a1n tho\u1ea3i m\u00e1i, b\u00e0n l\u00e0m vi\u1ec7c, gh\u1ebf sofa ho\u1eb7c x\u00edch \u0111u ki\u1ec3u v\u00f5ng, m\u00e1y pha c\u00e0 ph\u00ea v\u00e0 t\u1ee7 l\u1ea1nh mini t\u1ea1o n\u00ean 1 k\u00ec l\u01b0u tr\u00fa tho\u1ea3i m\u00e1i.<\/p>  <\/div><\/div>[\/vc_column_inner][vc_column_inner width=&#8221;1\/4&#8243;]<div class=\"grve-element grve-box grve-align-center\" style=\"\"><a href=\"https:\/\/bridgesdanang.com\/stays\/\" target=\"_self\"><figure class=\"grve-image-hover grve-zoom-none\">\t<div class=\"grve-media\">\t\t<div class=\"grve-bg-light grve-hover-overlay grve-opacity-20\"><\/div><img width=\"1275\" height=\"850\" src=\"https:\/\/bridgesdanang.com\/wp-content\/uploads\/2019\/10\/Bridges-Danang-Room-902-Overview.jpg\" class=\"attachment-full size-full\" alt=\"Bridges Danang Modern Room Design\" loading=\"lazy\" srcset=\"https:\/\/bridgesdanang.com\/wp-content\/uploads\/2019\/10\/Bridges-Danang-Room-902-Overview.jpg 1x,https:\/\/bridgesdanang.com\/wp-content\/uploads\/2019\/10\/Bridges-Danang-Room-902-Overview.jpg 2x\" \/>\t<\/div><\/figure><\/a>  <div class=\"grve-box-content\">    <a href=\"https:\/\/bridgesdanang.com\/stays\/\" target=\"_self\"><h3 class=\"grve-box-title grve-h3\">Deluxe Sea View<\/h3>    <\/a>    <p>T\u01b0\u01a1ng t\u1ef1 ph\u00f2ng COSY nh\u01b0ng \u1edf t\u1ea7ng cao h\u01a1n v\u1edbi t\u1ea7m nh\u00ecn ra bi\u1ec3n.<\/p>  <\/div><\/div>[\/vc_column_inner][\/vc_row_inner][vc_empty_space height=&#8221;40&#8243;]<div class=\"grve-element grve-align-center\"><a href=\"https:\/\/bridgesdanang.com\/stays\/\" class=\"grve-btn grve-btn-medium grve-square grve-bg-primary-1 grve-bg-hover-black\"><span>View all Room Types<\/span><\/a><\/div>[\/vc_column][\/vc_row][vc_row heading_color=&#8221;primary-1&#8243; bg_type=&#8221;image&#8221; bg_image=&#8221;1188&#8243; bg_image_type=&#8221;parallax&#8221; color_overlay=&#8221;dark&#8221; opacity_overlay=&#8221;80&#8243; font_color=&#8221;rgba(255,255,255,0.8)&#8221; padding_top=&#8221;120&#8243; padding_bottom=&#8221;120&#8243; margin_bottom=&#8221;0&#8243;][vc_column]<div class=\"grve-element grve-slogan grve-align-center\" style=\"\"><h2 class=\"grve-slogan-title grve-align-center grve-h2\"><span style=\"font-size: 140%; line-height: 1.120em;\">Th\u1ee9c \u0103n &amp; \u0110\u1ed3 u\u1ed1ng<\/span><\/h2><\/div>[vc_empty_space height=&#8221;40&#8243;][vc_row_inner][vc_column_inner width=&#8221;1\/2&#8243;][vc_column_text]<\/p>\n<h2 class=\"vc_custom_heading\">\u0102N U\u1ed0NG<\/h2>\n<div class=\"grve-element grve-text\">\n<p><strong>KH\u00d4NG GIAN L\u00c0M VI\u1ec6C CHUNG PIER<\/strong><\/div>\n<div class=\"grve-element grve-text\">\n<p>Kh\u00f4ng gian l\u00e0m vi\u1ec7c m\u1edf, v\u1edbi m\u1ed9t nh\u00e0 b\u1ebfp ch\u00e2u \u00c2u hi\u1ec7n \u0111\u1ea1i \u0111\u01b0\u1ee3c trang b\u1ecb \u0111\u1ea7y \u0111\u1ee7 t\u1ecda l\u1ea1c tr\u00ean t\u1ea7ng 1 v\u1edbi s\u1ee9c ch\u1ee9a kho\u1ea3ng 40 kh\u00e1ch. M\u00e1y in c\u00f3 s\u1eb5n c\u0169ng nh\u01b0 th\u1ef1c ph\u1ea9m phong \u00a0ph\u00fa \u0111\u01b0\u1ee3c \u0111\u1eb7t h\u00e0ng t\u1eeb b\u00ean ngo\u00e0i.<\/p>\n<h2 class=\"vc_custom_heading\">TH\u1ee8C U\u1ed0NG<\/h2>\n<div class=\"grve-element grve-text\">\n<p><strong>BAR &amp; CAF\u00c9<\/strong><\/div>\n<div class=\"grve-element grve-text\">\n<p>1 qu\u00e1n bar nh\u1ecf v\u00e0 caf\u00e9 \u1edf t\u1ea7ng tr\u1ec7t.<\/p>\n<p>M\u1eddi b\u1ea1n b\u00e8, gia \u0111\u00ecnh ho\u1eb7c \u0111\u1ed1i t\u00e1c c\u1ee7a b\u1ea1n \u0111\u1ebfn b\u1ea5t c\u1ee9 l\u00fac n\u00e0o.<\/p>\n<p>S\u1ee9c ch\u1ee9a 15 \u2013 20 kh\u00e1ch b\u00ean trong v\u00e0 ngo\u00e0i tr\u1eddi.<\/p><\/div>\n<\/div>\n<p>[\/vc_column_text][\/vc_column_inner][vc_column_inner width=&#8221;1\/2&#8243;]<div class=\"grve-element grve-carousel-wrapper\"  style=\" \"><div class=\"grve-carousel-navigation grve-dark grve-navigation-2 grve-navigation-default\">\t<div class=\"grve-carousel-buttons\">\t\t<div class=\"grve-carousel-prev\">\t\t\t<i class=\"grve-icon-arrow-left-alt\"><\/i>\t\t<\/div>\t\t<div class=\"grve-carousel-next\">\t\t\t<i class=\"grve-icon-arrow-right-alt\"><\/i>\t\t<\/div>\t<\/div><\/div><div class=\"grve-slider grve-carousel-element\" data-slider-speed=\"3500\" data-slider-pause=\"no\" data-slider-autoplay=\"yes\" data-slider-autoheight=\"no\"><div class=\"grve-slider-item\"><figure><div class=\"grve-media\"><img width=\"1024\" height=\"683\" src=\"https:\/\/bridgesdanang.com\/wp-content\/uploads\/2019\/10\/Bridges-Danang-Pier-Kitchen-4-1024x683.jpg\" class=\"attachment-large size-large\" alt=\"\" loading=\"lazy\" srcset=\"https:\/\/bridgesdanang.com\/wp-content\/uploads\/2019\/10\/Bridges-Danang-Pier-Kitchen-4-1024x683.jpg 1024w, https:\/\/bridgesdanang.com\/wp-content\/uploads\/2019\/10\/Bridges-Danang-Pier-Kitchen-4-300x200.jpg 300w, https:\/\/bridgesdanang.com\/wp-content\/uploads\/2019\/10\/Bridges-Danang-Pier-Kitchen-4-768x512.jpg 768w, https:\/\/bridgesdanang.com\/wp-content\/uploads\/2019\/10\/Bridges-Danang-Pier-Kitchen-4-1920x1280.jpg 1920w\" sizes=\"(max-width: 1024px) 100vw, 1024px\" \/><\/div><\/figure><\/div><div class=\"grve-slider-item\"><figure><div class=\"grve-media\"><img width=\"1024\" height=\"576\" src=\"https:\/\/bridgesdanang.com\/wp-content\/uploads\/2019\/10\/Bridges-Danang-Pier-Kitchen-3-1024x576.jpg\" class=\"attachment-large size-large\" alt=\"\" loading=\"lazy\" srcset=\"https:\/\/bridgesdanang.com\/wp-content\/uploads\/2019\/10\/Bridges-Danang-Pier-Kitchen-3-1024x576.jpg 1024w, https:\/\/bridgesdanang.com\/wp-content\/uploads\/2019\/10\/Bridges-Danang-Pier-Kitchen-3-300x169.jpg 300w, https:\/\/bridgesdanang.com\/wp-content\/uploads\/2019\/10\/Bridges-Danang-Pier-Kitchen-3-768x432.jpg 768w, https:\/\/bridgesdanang.com\/wp-content\/uploads\/2019\/10\/Bridges-Danang-Pier-Kitchen-3-1170x658.jpg 1170w, https:\/\/bridgesdanang.com\/wp-content\/uploads\/2019\/10\/Bridges-Danang-Pier-Kitchen-3-800x450.jpg 800w, https:\/\/bridgesdanang.com\/wp-content\/uploads\/2019\/10\/Bridges-Danang-Pier-Kitchen-3-1920x1080.jpg 1920w\" sizes=\"(max-width: 1024px) 100vw, 1024px\" \/><\/div><\/figure><\/div><div class=\"grve-slider-item\"><figure><div class=\"grve-media\"><img width=\"1024\" height=\"576\" src=\"https:\/\/bridgesdanang.com\/wp-content\/uploads\/2019\/10\/Bridges-Danang-Pier-Kitchen-2-1024x576.jpg\" class=\"attachment-large size-large\" alt=\"\" loading=\"lazy\" srcset=\"https:\/\/bridgesdanang.com\/wp-content\/uploads\/2019\/10\/Bridges-Danang-Pier-Kitchen-2-1024x576.jpg 1024w, https:\/\/bridgesdanang.com\/wp-content\/uploads\/2019\/10\/Bridges-Danang-Pier-Kitchen-2-300x169.jpg 300w, https:\/\/bridgesdanang.com\/wp-content\/uploads\/2019\/10\/Bridges-Danang-Pier-Kitchen-2-768x432.jpg 768w, https:\/\/bridgesdanang.com\/wp-content\/uploads\/2019\/10\/Bridges-Danang-Pier-Kitchen-2-1170x658.jpg 1170w, https:\/\/bridgesdanang.com\/wp-content\/uploads\/2019\/10\/Bridges-Danang-Pier-Kitchen-2-800x450.jpg 800w, https:\/\/bridgesdanang.com\/wp-content\/uploads\/2019\/10\/Bridges-Danang-Pier-Kitchen-2-1920x1080.jpg 1920w\" sizes=\"(max-width: 1024px) 100vw, 1024px\" \/><\/div><\/figure><\/div><div class=\"grve-slider-item\"><figure><div class=\"grve-media\"><img width=\"1024\" height=\"683\" src=\"https:\/\/bridgesdanang.com\/wp-content\/uploads\/2019\/10\/Bridges-Danang-Pier-Kitchen-1-1024x683.jpg\" class=\"attachment-large size-large\" alt=\"\" loading=\"lazy\" srcset=\"https:\/\/bridgesdanang.com\/wp-content\/uploads\/2019\/10\/Bridges-Danang-Pier-Kitchen-1-1024x683.jpg 1024w, https:\/\/bridgesdanang.com\/wp-content\/uploads\/2019\/10\/Bridges-Danang-Pier-Kitchen-1-300x200.jpg 300w, https:\/\/bridgesdanang.com\/wp-content\/uploads\/2019\/10\/Bridges-Danang-Pier-Kitchen-1-768x512.jpg 768w, https:\/\/bridgesdanang.com\/wp-content\/uploads\/2019\/10\/Bridges-Danang-Pier-Kitchen-1-1920x1280.jpg 1920w\" sizes=\"(max-width: 1024px) 100vw, 1024px\" \/><\/div><\/figure><\/div><div class=\"grve-slider-item\"><figure><div class=\"grve-media\"><img width=\"1024\" height=\"683\" src=\"https:\/\/bridgesdanang.com\/wp-content\/uploads\/2019\/10\/Bridges-Danang-outdoor-2-1024x683.jpg\" class=\"attachment-large size-large\" alt=\"\" loading=\"lazy\" srcset=\"https:\/\/bridgesdanang.com\/wp-content\/uploads\/2019\/10\/Bridges-Danang-outdoor-2-1024x683.jpg 1024w, https:\/\/bridgesdanang.com\/wp-content\/uploads\/2019\/10\/Bridges-Danang-outdoor-2-300x200.jpg 300w, https:\/\/bridgesdanang.com\/wp-content\/uploads\/2019\/10\/Bridges-Danang-outdoor-2-768x512.jpg 768w, https:\/\/bridgesdanang.com\/wp-content\/uploads\/2019\/10\/Bridges-Danang-outdoor-2-1920x1280.jpg 1920w\" sizes=\"(max-width: 1024px) 100vw, 1024px\" \/><\/div><\/figure><\/div><div class=\"grve-slider-item\"><figure><div class=\"grve-media\"><img width=\"1024\" height=\"683\" src=\"https:\/\/bridgesdanang.com\/wp-content\/uploads\/2019\/10\/Bridges-Danang-Lobby-1-1024x683.jpg\" class=\"attachment-large size-large\" alt=\"\" loading=\"lazy\" srcset=\"https:\/\/bridgesdanang.com\/wp-content\/uploads\/2019\/10\/Bridges-Danang-Lobby-1-1024x683.jpg 1024w, https:\/\/bridgesdanang.com\/wp-content\/uploads\/2019\/10\/Bridges-Danang-Lobby-1-300x200.jpg 300w, https:\/\/bridgesdanang.com\/wp-content\/uploads\/2019\/10\/Bridges-Danang-Lobby-1-768x512.jpg 768w, https:\/\/bridgesdanang.com\/wp-content\/uploads\/2019\/10\/Bridges-Danang-Lobby-1-1920x1280.jpg 1920w\" sizes=\"(max-width: 1024px) 100vw, 1024px\" \/><\/div><\/figure><\/div><div class=\"grve-slider-item\"><figure><div class=\"grve-media\"><img width=\"1024\" height=\"683\" src=\"https:\/\/bridgesdanang.com\/wp-content\/uploads\/2019\/10\/Bridges-Danang-Facade-1-1024x683.jpg\" class=\"attachment-large size-large\" alt=\"\" loading=\"lazy\" srcset=\"https:\/\/bridgesdanang.com\/wp-content\/uploads\/2019\/10\/Bridges-Danang-Facade-1-1024x683.jpg 1024w, https:\/\/bridgesdanang.com\/wp-content\/uploads\/2019\/10\/Bridges-Danang-Facade-1-300x200.jpg 300w, https:\/\/bridgesdanang.com\/wp-content\/uploads\/2019\/10\/Bridges-Danang-Facade-1-768x512.jpg 768w, https:\/\/bridgesdanang.com\/wp-content\/uploads\/2019\/10\/Bridges-Danang-Facade-1-1920x1280.jpg 1920w\" sizes=\"(max-width: 1024px) 100vw, 1024px\" \/><\/div><\/figure><\/div><\/div><\/div>[\/vc_column_inner][\/vc_row_inner][vc_empty_space height=&#8221;40&#8243;][\/vc_column][\/vc_row][vc_row footer_feature=&#8221;yes&#8221; equal_column_height=&#8221;middle-content&#8221; padding_top=&#8221;90&#8243;][vc_column width=&#8221;1\/2&#8243;]<div class=\"grve-element grve-image grve-align-center\" style=\"\"><img width=\"415\" height=\"600\" src=\"https:\/\/bridgesdanang.com\/wp-content\/uploads\/2019\/03\/climb-2.png\" class=\"attachment-blade-grve-small-rect-vertical size-blade-grve-small-rect-vertical\" alt=\"Bridges Danang Bridgeclimb City Building Climbing\" loading=\"lazy\" srcset=\"https:\/\/bridgesdanang.com\/wp-content\/uploads\/2019\/03\/climb-2.png 415w, https:\/\/bridgesdanang.com\/wp-content\/uploads\/2019\/03\/climb-2-208x300.png 208w\" sizes=\"(max-width: 415px) 100vw, 415px\" \/><\/div>[vc_empty_space height=&#8221;50&#8243;][\/vc_column][vc_column width=&#8221;1\/2&#8243;]<div class=\"grve-element grve-slogan grve-align-center\" style=\"\"><h2 class=\"grve-slogan-title grve-align-center grve-h2\"><span style=\"font-size: 140%; line-height: 1.120em;\">TR\u1ea2I NGHI\u1ec6M LEO THANG<\/span><\/h2><\/div>[vc_empty_space height=&#8221;40&#8243;][vc_column_text]B\u1ea1n ch\u01b0a th\u1ef1c s\u1ef1 nh\u00ecn ng\u1eafm \u0110\u00e0 N\u1eb5ng cho \u0111\u1ebfn khi b\u1ea1n tr\u1ea3i nghi\u1ec7m c\u1ea3m gi\u00e1c h\u1ed3i h\u1ed9p ngo\u1ea1n m\u1ee5c c\u1ee7a vi\u1ec7c leo c\u1ea7u thang.<\/p>\n<p>90 ph\u00fat v\u1edbi t\u1ed5ng 28m \u0111\u1ec3 leo l\u00ean \u0111\u1ec9nh \u0111\u00e3 tr\u1edf th\u00e0nh vi\u1ec7c c\u1ea7n l\u00e0m \u0111\u1ed1i v\u1edbi kh\u00e1ch du l\u1ecbch v\u00e0 ng\u01b0\u1eddi d\u00e2n \u0111\u1ecba ph\u01b0\u01a1ng.<\/p>\n<p>Vi\u1ec7c leo l\u00ean d\u1eabn b\u1ea1n th\u00f4ng qua thang l\u00ean s\u00e2n th\u01b0\u1ee3ng. Nh\u00f3m t\u1ed1i \u0111a 4 ng\u01b0\u1eddi c\u00f3 th\u1ec3 l\u00ean c\u00f9ng l\u00fac.<\/p>\n<p>\u0110\u1ec3 l\u01b0u gi\u1eef k\u1ec9 ni\u1ec7m,tr\u01b0\u1edfng nh\u00f3m leo n\u00fai s\u1ebd ch\u1ee5p \u1ea3nh cho b\u1ea1n c\u0169ng nh\u01b0 c\u1ea3 nh\u00f3m (v\u00ec s\u1ef1 an to\u00e0n, ng\u01b0\u1eddi leo n\u00fai kh\u00f4ng \u0111\u01b0\u1ee3c mang theo v\u1eadt d\u1ee5ng khi leo n\u00fai \u2013 k\u1ec3 c\u1ea3 m\u00e1y \u1ea3nh). Sau khi k\u1ebft th\u00fac h\u00e0nh tr\u00ecnh, b\u1ea1n s\u1ebd nh\u1eadn \u0111\u01b0\u1ee3c gi\u1ea5y ch\u1ee9ng nh\u1eadn k\u1ec9 ni\u1ec7m leo n\u00fai.<\/p>\n<p>[\/vc_column_text][\/vc_column][\/vc_row]<\/p>\n","protected":false},"excerpt":{"rendered":"<p>[vc_row header_feature=&#8221;yes&#8221; padding_top=&#8221;50&#8243; padding_bottom=&#8221;50&#8243; font_color=&#8221;#2d2d2d&#8221; margin_bottom=&#8221;0&#8243; section_id=&#8221;below-slider&#8221;][vc_column css=&#8221;.vc_custom_1446727807647{padding-right: 18% !important;padding-left: 18% !important;}&#8221;][vc_custom_heading text=&#8221;Bridges d\u1ef1a tr\u00ean n\u1ec1n t\u1ea3ng \u00fd t\u01b0\u1edfng g\u1ed3m 25 co-working v\u00e0 co-living v\u1edbi nh\u1eefng ph\u00f2ng m\u00e0 c\u00e1c thi\u1ebft k\u1ebf \u0111\u01b0\u1ee3c s\u00e1ng t\u1ea1o th\u00e0nh m\u1ed9t kh\u00f4ng gian hi\u1ec7u qu\u1ea3.&#8221; font_container=&#8221;tag:h4|text_align:center|color:%230a0a0a&#8221; google_fonts=&#8221;font_family:Dosis%3A200%2C300%2Cregular%2C500%2C600%2C700%2C800|font_style:500%20bold%20regular%3A500%3Anormal&#8221;][vc_custom_heading text=&#8221;L\u1ea5y c\u1ea3m h\u1ee9ng t\u1eeb nh\u1eefng c\u00e2y c\u1ea7u \u1edf \u0111\u00e0 n\u1eb5ng v\u00e0 \u0111\u01b0\u1ee3c ph\u00e1t [&hellip;]<\/p>\n","protected":false},"author":1,"featured_media":0,"parent":0,"menu_order":0,"comment_status":"closed","ping_status":"closed","template":"","meta":[],"_links":{"self":[{"href":"https:\/\/bridgesdanang.com\/vi\/wp-json\/wp\/v2\/pages\/1091\/"}],"collection":[{"href":"https:\/\/bridgesdanang.com\/vi\/wp-json\/wp\/v2\/pages\/"}],"about":[{"href":"https:\/\/bridgesdanang.com\/vi\/wp-json\/wp\/v2\/types\/page\/"}],"author":[{"embeddable":true,"href":"https:\/\/bridgesdanang.com\/vi\/wp-json\/wp\/v2\/users\/1\/"}],"replies":[{"embeddable":true,"href":"https:\/\/bridgesdanang.com\/vi\/wp-json\/wp\/v2\/comments\/?post=1091"}],"version-history":[{"count":30,"href":"https:\/\/bridgesdanang.com\/vi\/wp-json\/wp\/v2\/pages\/1091\/revisions\/"}],"predecessor-version":[{"id":2190,"href":"https:\/\/bridgesdanang.com\/vi\/wp-json\/wp\/v2\/pages\/1091\/revisions\/2190\/"}],"wp:attachment":[{"href":"https:\/\/bridgesdanang.com\/vi\/wp-json\/wp\/v2\/media\/?parent=1091"}],"curies":[{"name":"wp","href":"https:\/\/api.w.org\/{rel}","templated":true}]}}